{"id":27,"date":"2026-03-24T09:24:26","date_gmt":"2026-03-24T09:24:26","guid":{"rendered":"https:\/\/zemtura.website\/?page_id=27"},"modified":"2026-03-24T09:24:29","modified_gmt":"2026-03-24T09:24:29","slug":"note-legali","status":"publish","type":"page","link":"https:\/\/zemtura.website\/?page_id=27","title":{"rendered":"Note Legali"},"content":{"rendered":"\n<p>La trasparenza rappresenta il pilastro fondamentale su cui poggia il rapporto tra la direzione di zemtura e i suoi frequentatori. In questa sezione vengono riportati i dati identificativi obbligatori per legge, necessari a garantire l&#8217;autenticit\u00e0 del servizio offerto nel territorio di Aprilia. Ogni attivit\u00e0 svolta tramite questo portale \u00e8 riconducibile alla gestione diretta di Salvatore Cirillo, che ne assume la piena responsabilit\u00e0 legale \u0438 amministrativa.<\/p>\n\n\n\n<figure class=\"wp-block-table\"><table class=\"has-fixed-layout\"><thead><tr><td><strong>Elemento Legale<\/strong><\/td><td><strong>Riferimento Ufficiale<\/strong><\/td><\/tr><\/thead><tbody><tr><td>Responsabile del Sito<\/td><td>Salvatore Cirillo<\/td><\/tr><tr><td>Sede Operativa<\/td><td>Via Luigi Boccherini 93<\/td><\/tr><tr><td>CAP e Localit\u00e0<\/td><td>04011 Aprilia (LT)<\/td><\/tr><tr><td>Codice Fiscale<\/td><td>CRLSVT66T28B077Z<\/td><\/tr><tr><td>Indirizzo Email<\/td><td>connect@zemtura.website<\/td><\/tr><\/tbody><\/table><\/figure>\n\n\n\n<p>Il contenuto informativo presente su questo sito, dalle analisi tecniche sui terreni dell&#8217;Agro Pontino alle guide sull&#8217;attrezzatura, \u00e8 di propriet\u00e0 esclusiva di Salvatore Cirillo. \u00c8 vietata la riproduzione anche parziale senza una previa autorizzazione scritta. La sede di Via Luigi Boccherini funge da punto di riferimento per ogni notifica ufficiale o richiesta di chiarimento riguardante la gestione del marchio zemtura.<\/p>\n","protected":false},"excerpt":{"rendered":"<p>La trasparenza rappresenta il pilastro fondamentale su cui poggia il rapporto tra la direzione di zemtura e i suoi frequentatori. In questa sezione vengono riportati i dati identificativi obbligatori per legge, necessari a garantire l&#8217;autenticit\u00e0 del servizio offerto nel territorio di Aprilia. Ogni attivit\u00e0 svolta tramite questo portale \u00e8 riconducibile alla gestione diretta di Salvatore [&hellip;]<\/p>\n","protected":false},"author":1,"featured_media":0,"parent":0,"menu_order":6,"comment_status":"closed","ping_status":"closed","template":"","meta":{"footnotes":""},"class_list":["post-27","page","type-page","status-publish","hentry"],"_links":{"self":[{"href":"https:\/\/zemtura.website\/index.php?rest_route=\/wp\/v2\/pages\/27","targetHints":{"allow":["GET"]}}],"collection":[{"href":"https:\/\/zemtura.website\/index.php?rest_route=\/wp\/v2\/pages"}],"about":[{"href":"https:\/\/zemtura.website\/index.php?rest_route=\/wp\/v2\/types\/page"}],"author":[{"embeddable":true,"href":"https:\/\/zemtura.website\/index.php?rest_route=\/wp\/v2\/users\/1"}],"replies":[{"embeddable":true,"href":"https:\/\/zemtura.website\/index.php?rest_route=%2Fwp%2Fv2%2Fcomments&post=27"}],"version-history":[{"count":1,"href":"https:\/\/zemtura.website\/index.php?rest_route=\/wp\/v2\/pages\/27\/revisions"}],"predecessor-version":[{"id":28,"href":"https:\/\/zemtura.website\/index.php?rest_route=\/wp\/v2\/pages\/27\/revisions\/28"}],"wp:attachment":[{"href":"https:\/\/zemtura.website\/index.php?rest_route=%2Fwp%2Fv2%2Fmedia&parent=27"}],"curies":[{"name":"wp","href":"https:\/\/api.w.org\/{rel}","templated":true}]}}