{"id":29,"date":"2026-03-24T09:24:39","date_gmt":"2026-03-24T09:24:39","guid":{"rendered":"https:\/\/zemtura.website\/?page_id=29"},"modified":"2026-03-24T09:24:44","modified_gmt":"2026-03-24T09:24:44","slug":"informativa-sulla-privacy","status":"publish","type":"page","link":"https:\/\/zemtura.website\/?page_id=29","title":{"rendered":"Informativa sulla Privacy"},"content":{"rendered":"\n<p>La protezione della sfera privata dei nostri soci di Aprilia e dei visitatori del sito zemtura \u00e8 gestita con la massima rigore, in conformit\u00e0 al Regolamento UE 2016\/679 (GDPR). Salvatore Cirillo assicura che il trattamento dei dati personali avvenga esclusivamente per finalit\u00e0 legate all&#8217;erogazione dei servizi informativi e sportivi descritti nelle pagine del club. Non adottiamo pratiche di vendita dei dati a soggetti terzi per scopi pubblicitari.<\/p>\n\n\n\n<p><strong>Tipologie di dati trattati:<\/strong><\/p>\n\n\n\n<ul class=\"wp-block-list\">\n<li>Informazioni di contatto fornite volontariamente tramite email per richieste su Aprilia.<\/li>\n\n\n\n<li>Dati di navigazione tecnica necessari alla stabilit\u00e0 del server.<\/li>\n\n\n\n<li>Statistiche anonime di accesso per migliorare i contenuti tecnici.<\/li>\n<\/ul>\n\n\n\n<p><strong>Diritti degli interessati:<\/strong><\/p>\n\n\n\n<p>Ogni utente ha il diritto di richiedere in qualsiasi momento l&#8217;accesso ai propri dati, la loro rettifica o la cancellazione definitiva dai nostri archivi digitali. Salvatore Cirillo supervisiona personalmente le procedure di sicurezza per prevenire accessi non autorizzati o perdite accidentali di informazioni.<\/p>\n\n\n\n<figure class=\"wp-block-table\"><table class=\"has-fixed-layout\"><thead><tr><td><strong>Finalit\u00e0 del Trattamento<\/strong><\/td><td><strong>Base Giuridica<\/strong><\/td><td><strong>Periodo di Conservazione<\/strong><\/td><\/tr><\/thead><tbody><tr><td>Risposta a quesiti tecnici<\/td><td>Consenso esplicito<\/td><td>Durata del servizio<\/td><\/tr><tr><td>Gestione amministrativa<\/td><td>Obbligo contrattuale<\/td><td>Termini di legge<\/td><\/tr><tr><td>Sicurezza del portale<\/td><td>Legittimo interesse<\/td><td>12 mesi<\/td><\/tr><\/tbody><\/table><\/figure>\n\n\n\n<p>Per esercitare i propri diritti o per ricevere chiarimenti sulla gestione della privacy presso la nostra sede di Via Luigi Boccherini 93, \u00e8 possibile scrivere direttamente all&#8217;indirizzo connect@zemtura.website. La fiducia della comunit\u00e0 di Aprilia \u00e8 il valore pi\u00f9 prezioso che intendiamo tutelare attraverso questa politica di riservatezza.<\/p>\n","protected":false},"excerpt":{"rendered":"<p>La protezione della sfera privata dei nostri soci di Aprilia e dei visitatori del sito zemtura \u00e8 gestita con la massima rigore, in conformit\u00e0 al Regolamento UE 2016\/679 (GDPR). Salvatore Cirillo assicura che il trattamento dei dati personali avvenga esclusivamente per finalit\u00e0 legate all&#8217;erogazione dei servizi informativi e sportivi descritti nelle pagine del club. Non [&hellip;]<\/p>\n","protected":false},"author":1,"featured_media":0,"parent":0,"menu_order":7,"comment_status":"closed","ping_status":"closed","template":"","meta":{"footnotes":""},"class_list":["post-29","page","type-page","status-publish","hentry"],"_links":{"self":[{"href":"https:\/\/zemtura.website\/index.php?rest_route=\/wp\/v2\/pages\/29","targetHints":{"allow":["GET"]}}],"collection":[{"href":"https:\/\/zemtura.website\/index.php?rest_route=\/wp\/v2\/pages"}],"about":[{"href":"https:\/\/zemtura.website\/index.php?rest_route=\/wp\/v2\/types\/page"}],"author":[{"embeddable":true,"href":"https:\/\/zemtura.website\/index.php?rest_route=\/wp\/v2\/users\/1"}],"replies":[{"embeddable":true,"href":"https:\/\/zemtura.website\/index.php?rest_route=%2Fwp%2Fv2%2Fcomments&post=29"}],"version-history":[{"count":1,"href":"https:\/\/zemtura.website\/index.php?rest_route=\/wp\/v2\/pages\/29\/revisions"}],"predecessor-version":[{"id":30,"href":"https:\/\/zemtura.website\/index.php?rest_route=\/wp\/v2\/pages\/29\/revisions\/30"}],"wp:attachment":[{"href":"https:\/\/zemtura.website\/index.php?rest_route=%2Fwp%2Fv2%2Fmedia&parent=29"}],"curies":[{"name":"wp","href":"https:\/\/api.w.org\/{rel}","templated":true}]}}